{"id":20,"date":"2025-08-28T08:17:54","date_gmt":"2025-08-28T11:17:54","guid":{"rendered":"https:\/\/cqtd.letsite.com.br\/?page_id=20"},"modified":"2025-08-28T18:42:28","modified_gmt":"2025-08-28T21:42:28","slug":"areas-de-atuacao","status":"publish","type":"page","link":"https:\/\/cqtd.letsite.com.br\/en\/areas-de-atuacao\/","title":{"rendered":"(PT) \u00c1reas de Atua\u00e7\u00e3o"},"content":{"rendered":"","protected":false},"excerpt":{"rendered":"<p class=\"qtranxs-available-languages-message qtranxs-available-languages-message-en\">Sorry, this entry is only available in <a href=\"https:\/\/cqtd.letsite.com.br\/pb\/wp-json\/wp\/v2\/pages\/20\" class=\"qtranxs-available-language-link qtranxs-available-language-link-pb\" title=\"PT\">PT<\/a>.<\/p>\n","protected":false},"author":1,"featured_media":0,"parent":0,"menu_order":0,"comment_status":"closed","ping_status":"closed","template":"page-areas.php","meta":{"_acf_changed":false,"footnotes":""},"class_list":["post-20","page","type-page","status-publish","hentry"],"acf":[],"_links":{"self":[{"href":"https:\/\/cqtd.letsite.com.br\/en\/wp-json\/wp\/v2\/pages\/20","targetHints":{"allow":["GET"]}}],"collection":[{"href":"https:\/\/cqtd.letsite.com.br\/en\/wp-json\/wp\/v2\/pages"}],"about":[{"href":"https:\/\/cqtd.letsite.com.br\/en\/wp-json\/wp\/v2\/types\/page"}],"author":[{"embeddable":true,"href":"https:\/\/cqtd.letsite.com.br\/en\/wp-json\/wp\/v2\/users\/1"}],"replies":[{"embeddable":true,"href":"https:\/\/cqtd.letsite.com.br\/en\/wp-json\/wp\/v2\/comments?post=20"}],"version-history":[{"count":2,"href":"https:\/\/cqtd.letsite.com.br\/en\/wp-json\/wp\/v2\/pages\/20\/revisions"}],"predecessor-version":[{"id":198,"href":"https:\/\/cqtd.letsite.com.br\/en\/wp-json\/wp\/v2\/pages\/20\/revisions\/198"}],"wp:attachment":[{"href":"https:\/\/cqtd.letsite.com.br\/en\/wp-json\/wp\/v2\/media?parent=20"}],"curies":[{"name":"wp","href":"https:\/\/api.w.org\/{rel}","templated":true}]}}